{"id":3442,"date":"2023-08-05T13:08:40","date_gmt":"2023-08-05T13:08:40","guid":{"rendered":"https:\/\/www.annasokolova.org\/?page_id=3442"},"modified":"2025-12-30T14:29:06","modified_gmt":"2025-12-30T14:29:06","slug":"cv","status":"publish","type":"page","link":"https:\/\/www.annasokolova.org\/de\/cv","title":{"rendered":"cv"},"content":{"rendered":"<p>Geboren in Minsk, Belarus in 1975<br \/>\nLebt und arbeitet in D\u00fcsseldorf<br \/>\ne-mail: <a href=\"mailto:ann.sklva@gmail.com\"><span style=\"text-decoration: underline;\">Anna Sokolova<\/span><\/a><\/p>\n<p>AUSBILDUNG \/ RESIDENZEN<br \/>\n2013 International Artist Workshop Approach to Realities, Organhaus Art Space, Chongqing, China, gef\u00f6rdert vom Kulturamt der Landeshauptstadt D\u00fcsseldorf<br \/>\n2007-2010 Kunsthochschule f\u00fcr Medien K\u00f6ln; Postgraduierten Studium<br \/>\n2005-2007 Kunstakademie D\u00fcsseldorf; Klassen von Daniel Buren, David Rabinowitch<br \/>\n2003-2005 Le Fresnoy &#8211; Studio National des Arts Contemporains, Tourcoing, Frankreich<br \/>\n2002 Residenz in Aarau, Schweiz, gef\u00f6rdert von der Partnerschaft Aargau-Belarus<br \/>\n2002 Residenz in K\u00fcnstlerhaus Boswil, Schweiz<br \/>\n1994-2000 Belarussische Staatliche Kunstakademie; Abteilung Monumentale Malerei<br \/>\n1991-1994 Kunstfachschule von Glebov Minsk, Belarus<\/p>\n<p>AUSZEICHNUNGEN \/ KOMMISSIONEN<br \/>\n2023 NEUSTART PLUS Arbeitsstipendium, Stiftung Kunstfonds, Bonn<br \/>\n2022 NEUSTART KULTUR Projektf\u00f6rderung, Stiftung Kunstfonds, Bonn<br \/>\n2020\/2021\/2022 Projektf\u00f6rderungen durch das Ministerium f\u00fcr Kultur und Wissenschaft des Landes NRW<br \/>\n2013 F\u00f6rderpreis f\u00fcr Bildende Kunst der Landeshauptstadt D\u00fcsseldorf<br \/>\n2002 Arbeitsstipendium, Partnerschaft Aargau-Belarus<\/p>\n<p>\u00d6FFENTLICHE SAMMLUNGEN<br \/>\nStiftung IMAI &#8211; Inter Media Art Institute<br \/>\nStiftung Schloss und Park Benrath<br \/>\nEuropean Media Art Festival<br \/>\nStadt Mechelen, Belgien<\/p>\n<p>EINZELAUSSTELLUNGEN<br \/>\n2025\u2003 NETZ. Kunst-Station Sankt Peter. K\u00f6ln<br \/>\n2025\u2003 GEGENWIND. Screen am Johannes-Rau-Haus, D\u00fcsseldorf<br \/>\n2024\u2003 UNTERRAND OBERRAND. Reformator. D\u00fcsseldorf<br \/>\n2020\u2003 <a href=\"https:\/\/www.annasokolova.org\/de\/blown-up-solo\"><span style=\"text-decoration: underline;\">BLOWN-UP. Bloom. D\u00fcsseldorf<\/span><\/a><br \/>\n2016\u2003 HALTESTELLE. Gasthof Worringer Platz. D\u00fcsseldorf<br \/>\n2013\u2003 <a href=\"https:\/\/annasokolova.org\/de\/kunstraum-einzelausstellung\"><span style=\"text-decoration: underline;\">KUNSTRAUM. F\u00f6rderpreis f\u00fcr Bildende Kunst der Landeshauptstadt D\u00fcsseldorf. Kunstraum D\u00fcsseldorf<\/span><\/a><br \/>\n2013\u2003 <a href=\"https:\/\/annasokolova.org\/de\/black-white-black-solo-exhibition-quartier-am-hafen-cologne-de\"><span style=\"text-decoration: underline;\">SCHWARZ-WEISS-SCHWARZ. Quartier am Hafen. K\u00f6ln<\/span><\/a><br \/>\n2010\u2003 New Talents No2 Biennale K\u00f6ln<br \/>\n2007\u2003 EINGEBAUTE STRUKTUR. Zusammenarbeit mit Oleg Yushko. Atelier vor St. Martin. K\u00f6ln<br \/>\n2002\u2003 SWEETLAND. Goldenes Kalb Galerie. Aarau<\/p>\n<p>GRUPPENAUSSTELLUNGEN<br \/>\n2025\u2003 EU UA. Weltkunstzimmer. D\u00fcsseldorf<br \/>\n2024\u2003 K\u00fcnstlerverein Malkasten \u2013 Rotunde im Hentrichhaus. D\u00fcsseldorf<br \/>\n2023\u2003 Exercises in Respect. RIBOCA 3. Riga, Litauen<br \/>\n2022\u2003 Good as Hell: Voicing Resistance, Manifesta 14, National Gallery of Kosovo. Prishtina, Kosovo<br \/>\n2022\u2003 When The Sun Is Low\u2014The Shadows Are Long. GfZK. Leipzig, Deutschland<br \/>\n2022\u2003 Fight Like a Girl. Kunsttraject. Amsterdam, Holland<br \/>\n2022\u2003 So Far, Yet So Close. De Balie. Amsterdam, Holland<br \/>\n2022\u2003 So Far, Yet So Close. Arti et Amicitiae. Amsterdam, Holland<br \/>\n2022\u2003 The Medium is the Message: Flags and Banners. The Wende Museum. Culver City, California, USA<br \/>\n2022\u2003 When The Sun Is Low\u2014The Shadows Are Long. Galeria Arsenal. Bia\u0142ystok, Polen<br \/>\n2021\u2003 Every Day. Art, Solidarity, Resistance. Mystetskyi Arsenal. Kyiv, Ukraine<br \/>\n2020\u2003 Durch Deine Augen. K\u00fcnstlerverein Malkasten. D\u00fcsseldorf, Deutschland<br \/>\n2020\u2003 Touchable Distance. \u040e Gallery. Minsk, Belarus<br \/>\n2020\u2003 D1G1TAL S3CR3TS. Weltkunstzimmer. D\u00fcsseldorf, Deutschland<br \/>\n2020\u2003 Videofenster 01-18. City of Gold. Essen, Deutschland<br \/>\n2020\u2003 Videofenster 08: LINEMENT. City of Gold. Essen, Deutschland<br \/>\n2019\u2003 Videolounge der Stiftung imai. NRW-Forum. D\u00fcsseldorf, Deutschland<br \/>\n2019\u2003 New Magical Realism. The Minories Galleries. Colchester, England<br \/>\n2019\u2003 Mysterious radio Signal. Atelierhaus Hansastra\u00dfe. Neuss, Deutschland<br \/>\n2018\u2003 PRA___BEL. Fundacia Villa Sokrates: XIX Trialog Belarusian Outside, Galeria Krynki, Krynki, Polen<br \/>\n2018\u2003 Zbor in Progress. \u040e Gallery. Minsk, Belarus<br \/>\n2017\u2003 III II I. \u040e Galerie. Minsk, Belarus<br \/>\n2017\u2003 Raum Der Diffusion. Tbilisi Historisches Museum. Tbilisi, Georgien<br \/>\n2017\u2003 Raum Der Diffusion. Zeitgen\u00f6ssischer Kunstraum. Batumi, Georgien<br \/>\n2016\u2003 Non-Fashion. Nationales Zentrum f\u00fcr zeitgen\u00f6ssische Kunst. Minsk, Belarus<br \/>\n2016\u2003 Zbor. Belarusian Art Movement. Izolyatsia. Kyiv, Ukraine<br \/>\n2016\u2003 Looking at the Big Sky. Ya Gallery. Kyiv, Ukraine<br \/>\n2015\u2003 Zbi\u00f3r\/Zbor \u2013 Konstruowanie Archiwum. Galeria Arsena\u0142. Bia\u0142ystok, Poland<br \/>\n2015\u2003 Raum Der Diffusion. NCCA (National Center for contemporary Arts). Kaliningrad, Russland<br \/>\n2015\u2003 Looking at the Big Sky. New German Video Art. LOOP, Alternative Space. Seoul, South Korea<br \/>\n2014\u2003 Alphabet. G.H. Vashchanka Kunstgalerie. Gomel, Belarus<br \/>\n2014\u2003 Approach to Realities. Kunstraum D\u00fcsseldorf, Deutschland<br \/>\n2014\u2003 Looking at the Big Sky. 40 Jahre Videokunst, Goethe-Institut, Chicago, USA<br \/>\n2013\u2003 Looking at the Big Sky. BABEL 2013 \u2013 Festival. Genua, Italy<br \/>\n2013\u2003 Approach to Realities. Organhaus Art Space. Chongqing, China<br \/>\n2013\u2003 -O-L-O-G-Y, Amstel 41 project space, Amsterdam, Holland<br \/>\n2013\u2003 Manifest in the Presence of the Viewer. Azgur Museum. Minsk, Belarus<br \/>\n2012\u2003 Abiogenesis. D-52, Raum f\u00fcr Zeitgen\u00f6ssische Kunst. D\u00fcsseldorf, Deutschland<br \/>\n2012\u2003 Sensorial Panoptikum. Beck &#038; Eggeling Contemporary. D\u00fcsseldorf, Deutschland<br \/>\n2012\u2003 Palast Komplex. Gomel Palast &#038; Park Ensemble. Gomel, Belarus<br \/>\n2012\u2003 It is High Time to Get Down to Down to Earth Art. \u201c\u040e\u201d Galerie. Minsk. Belarus<br \/>\n2012\u2003 Atelier. Die Plattform f\u00fcr Neue Kunst und Choreographie. PACT Zollverein. Essen, Deutschland<br \/>\n2011\u2003 Under Construction. WWU. D\u00fcsseldorf, Deutschland<br \/>\n2011\u2003 Licht Spiel Orte. Lichtkunstprojekt. ArToll Kunstlabor. Bedburg-Hau, Deutschland<br \/>\n2011\u2003 Echo 3. Kunst- und Ausstellungshalle der Bundesrepublik Deutschland. Bonn<br \/>\n2010\u2003 Audi Art Award. NRW-Forum. D\u00fcsseldorf, Deutschland<br \/>\n2010\u2003 Echoraum Neueroeffnung. Kunst- und Ausstellungshalle der Bundesrepublik Deutschland. Bonn<br \/>\n2010\u2003 Mash Up. EMAF (Europian Media Art Festival). Osnabr\u00fcck, Deutschland<br \/>\n2009\u2003 Along the Rhine. KIT (Kunst Im Tunnel). D\u00fcsseldorf, Deutschland<br \/>\n2009\u2003 Jahresausstellung KHM. Trinitatiskirche. K\u00f6ln, Deutschland<br \/>\n2009\u2003 Art Campus KHM. Art Cologne. K\u00f6ln, Deutschland<br \/>\n2009\u2003 Videonale 12. INTERVENTIONEN. Kunstmuseum Bonn, Deutschland<br \/>\n2009\u2003 Contourlight. Circuit of Light Art. Mechelen, Belgien<br \/>\n2009\u2003 M\u2018artian Fields \u2013 Collaboration. M\u2019ARS, Zentrum f\u00fcr Gegenwartkunst. Moskau, Russland<br \/>\n2008\u2003 Glasmoog. Kunsthochschule f\u00fcr Medien K\u00f6ln. K\u00f6ln, Deutschland<br \/>\n2008\u2003 Jahresausstellung KHM. Trinitatiskirche. K\u00f6ln, Deutschland<br \/>\n2008\u2003 Cameracartell. Kran Film Collective. Br\u00fcssel, Belgien<br \/>\n2008\u2003 Good-By II. Galerie f\u00fcr fortgeschrittene. Berlin, Deutschland<br \/>\n2008\u2003 RCS. Han Ji YuN Contemporary Space. Peking, China<br \/>\n2007\u2003 Rundgang. Kunstakademie D\u00fcsseldorf. D\u00fcsseldorf, Deutschland<br \/>\n2006\u2003 Mania of Cleanliness. Staatliches Zentrum f\u00fcr Gegenwartkunst. Moskau, Russland<br \/>\n2006\u2003 Rundgang. Kunstakademie D\u00fcsseldorf, Deutschland<br \/>\n2005\u2003 Videobrasil. 15-te Internationales Festival f\u00fcr elektronische Kunst. Sao Paulo, Brasil<br \/>\n2005\u2003 Nuit Blanche. Eyes Need Sugar. Elys\u00e9e Montmartre. Paris, Frankreich<br \/>\n2005\u2003 Panorama 6. Le Fresnoy \u2013 Studio national des arts contemporaines. Tourcoing, Frankreich<br \/>\n2005\u2003 C\u00f4te Court. Kurzfilm Festival. Paris, Frankreich<br \/>\n2004\u2003 Panorama 5. Le Fresnoy \u2013 Studio national des arts contemporaines. Tourcoing, Frankreich<br \/>\n2003\u2003 Festival der Belorussischen Kultur. Clermont-Ferran, Frankreich<br \/>\n2002\u2003 Slow. Video Preis. K\u00fcnstlerhaus Boswil. Boswil, Schweiz<br \/>\n2001\u2003 Escape. Internationale Biennale. National Gallery &#038; Chinese Pavillon. Tirana, Albanien<br \/>\n2000\u2003 Neue Namen. Republikanische Galerie des K\u00fcnstlerverbandes. Minsk, Belarus<br \/>\n1999\u2003 Percorsy 99. Internationales Festival der Medienkunst. Castagnyole Monferrato, Italien<br \/>\n1999\u2003 Internationales Festival der Gegenwartkunst. Jugendpalast. Minsk, Belarus<br \/>\n1998\u2003 Zeit Raum Person. Republikanische Galerie des K\u00fcnstlerverbandes. Minsk, Belarus<br \/>\n1997\u2003 Duty Free. Galeria Podlaska. Biala Podlaska, Polen<\/p>\n<p>VORTR\u00c4GE \/ WORKSHOPS<br \/>\n2016\u2003 OBJECT IN A VISUAL FIELD. Vortrag, Workshop. \u040e Galerie. Minsk, Belarus<br \/>\n2016\u2003 Vortrag im Rahmen der Ausstellung Looking at the Big Sky. Ya Galerie. Kyiv, Ukraine<br \/>\n2014\u2003 VIDEO-OBJEKT-VIDEO. Vortrag. \u040e Gallery. Minsk, Belarus<br \/>\n2014\u2003 VIDEO-OBJEKT-VIDEO. Vortrag, Performance. NRW-Forum. D\u00fcsseldorf<br \/>\n2013\u2003 Vortrag, Workshop im Rahmen eines K\u00fcnstleraustauschprogramms im Organhaus Art Space. Chongqing, China<\/p>\n<p>LINKS<br \/>\n<a href=\"https:\/\/stiftung-imai.de\/en\/videos\/katalog\/medium\/8785\"><span style=\"text-decoration: underline;\">imai<\/span><\/a><br \/>\n<a href=\"https:\/\/kalektar.org\/in\/names\/d9bGU6Foiq1802K1qA3t\"><span style=\"text-decoration: underline;\">kalektar<\/span><\/a><br \/>\n<a href=\"https:\/\/secondaryarchive.org\/artists\/anna-sokolova\/\"><span style=\"text-decoration: underline;\">secondary archive<\/span><\/a><\/p>\n","protected":false},"excerpt":{"rendered":"\n<p class=\"ex1\">HELLO WORLD!<\/p>\n","protected":false},"author":1,"featured_media":0,"parent":0,"menu_order":0,"comment_status":"closed","ping_status":"closed","template":"","meta":{"nf_dc_page":"","ngg_post_thumbnail":0,"footnotes":""},"class_list":["post-3442","page","type-page","status-publish","hentry"],"_links":{"self":[{"href":"https:\/\/www.annasokolova.org\/de\/wp-json\/wp\/v2\/pages\/3442","targetHints":{"allow":["GET"]}}],"collection":[{"href":"https:\/\/www.annasokolova.org\/de\/wp-json\/wp\/v2\/pages"}],"about":[{"href":"https:\/\/www.annasokolova.org\/de\/wp-json\/wp\/v2\/types\/page"}],"author":[{"embeddable":true,"href":"https:\/\/www.annasokolova.org\/de\/wp-json\/wp\/v2\/users\/1"}],"replies":[{"embeddable":true,"href":"https:\/\/www.annasokolova.org\/de\/wp-json\/wp\/v2\/comments?post=3442"}],"version-history":[{"count":9,"href":"https:\/\/www.annasokolova.org\/de\/wp-json\/wp\/v2\/pages\/3442\/revisions"}],"predecessor-version":[{"id":4033,"href":"https:\/\/www.annasokolova.org\/de\/wp-json\/wp\/v2\/pages\/3442\/revisions\/4033"}],"wp:attachment":[{"href":"https:\/\/www.annasokolova.org\/de\/wp-json\/wp\/v2\/media?parent=3442"}],"curies":[{"name":"wp","href":"https:\/\/api.w.org\/{rel}","templated":true}]}}